{"id":8689,"date":"2023-01-13T07:13:02","date_gmt":"2023-01-13T07:13:02","guid":{"rendered":"https:\/\/vertueux.immo\/?page_id=8689"},"modified":"2026-01-12T18:03:21","modified_gmt":"2026-01-12T18:03:21","slug":"mentions-legales","status":"publish","type":"page","link":"https:\/\/vertueux.immo\/es\/mentions-legales\/","title":{"rendered":"Mentions l\u00e9gales"},"content":{"rendered":"<div data-elementor-type=\"wp-page\" data-elementor-id=\"8689\" class=\"elementor elementor-8689\">\n\t\t\t\t\t\t\t\t\t<section class=\"elementor-section elementor-top-section elementor-element elementor-element-09f3d1b elementor-section-boxed elementor-section-height-default elementor-section-height-default\" data-id=\"09f3d1b\" data-element_type=\"section\">\n\t\t\t\t\t\t<div class=\"elementor-container elementor-column-gap-default\">\n\t\t\t\t\t<div class=\"elementor-column elementor-col-100 elementor-top-column elementor-element elementor-element-d9ad44f\" data-id=\"d9ad44f\" data-element_type=\"column\">\n\t\t\t<div class=\"elementor-widget-wrap elementor-element-populated\">\n\t\t\t\t\t\t\t\t<div class=\"elementor-element elementor-element-68ed1e3 elementor-widget elementor-widget-text-editor\" data-id=\"68ed1e3\" data-element_type=\"widget\" data-widget_type=\"text-editor.default\">\n\t\t\t\t<div class=\"elementor-widget-container\">\n\t\t\t<style>\/*! elementor - v3.10.0 - 09-01-2023 *\/\n.elementor-widget-text-editor.elementor-drop-cap-view-stacked .elementor-drop-cap{background-color:#818a91;color:#fff}.elementor-widget-text-editor.elementor-drop-cap-view-framed .elementor-drop-cap{color:#818a91;border:3px solid;background-color:transparent}.elementor-widget-text-editor:not(.elementor-drop-cap-view-default) .elementor-drop-cap{margin-top:8px}.elementor-widget-text-editor:not(.elementor-drop-cap-view-default) .elementor-drop-cap-letter{width:1em;height:1em}.elementor-widget-text-editor .elementor-drop-cap{float:left;text-align:center;line-height:1;font-size:50px}.elementor-widget-text-editor .elementor-drop-cap-letter{display:inline-block}<\/style>\t\t\t\t<h2 class=\"heading-jumbo heading-white\">Mentions l\u00e9gales\u200d<\/h2><div class=\"rich-text-block-2 w-richtext\"><h2><strong>Honoraires<\/strong><\/h2><p>\u200d<strong>Vertueux pratique des honoraires sur les transactions d&rsquo;un montant de 5%TTC<\/strong>\u00a0<strong>Ce tarif est fixe quel que soit le montant de la transaction.\u00a0<\/strong><\/p><p>Les honoraires sont calcul\u00e9s sur le prix net vendeur lorsqu\u2019ils sont \u00e0 la charge de l\u2019acqu\u00e9reur et calcul\u00e9s sur le prix public lorsqu\u2019ils sont \u00e0 la charge du vendeur.<\/p><p><strong>Mentions l\u00e9gales<\/strong><\/p><h4>\u200dRaison sociale : SASU CACHES\u00a0<br \/>Si\u00e8ge social : 600 chemin de la Valentine 13540 Aix-en-Provence<br \/>SIREN : 907 458 194\u00a0 immatricul\u00e9 au RCS d&rsquo;Aix-en-Provence<\/h4><h4>Capital : 500,00\u20ac<\/h4><p>Forme sociale : Soci\u00e9t\u00e9 par action simplifi\u00e9e (soci\u00e9t\u00e9 \u00e0 associ\u00e9 unique)\u00a0<br \/>Num\u00e9ro TVA Intracommunautaire : FR45907458194<\/p><p>Nom du responsable : Jean-Baptiste CHELINI<br \/>Carte professionnelle transaction n\u00b0 CPI 13102025000000157<br \/>Pr\u00e9fecture de d\u00e9livrance de la carte professionnelle : Marseille\u00a0<\/p><p>RC Pro : RCPA278492058<\/p><p>Directeur de la publication : Vertueux.Immo<\/p><p>Responsable de la publication : Vertueux.Immo<\/p><p>Webmaster : Agence S Communication<\/p><p>H\u00e9bergeur : O2switch<\/p><h2>\u200d<strong>Donn\u00e9es personnelles<\/strong><\/h2><p>L&rsquo;utilisation du Site est soumise au respect des conditions ci-dessous.<\/p><p>L&rsquo;acc\u00e8s et la navigation sur le site entra\u00eenent l&rsquo;acceptation de ces conditions :<\/p><p><em>Site :<\/em>\u00a0d\u00e9signe le site internet auquel vous acc\u00e9dez depuis votre navigateur internet<\/p><p><em>L\u2019Agence :<\/em>\u00a0d\u00e9signe la\/les agence(s) immobili\u00e8re(s) pr\u00e9sente(s) sur le site internet ; qui diffuse(nt) les annonces et r\u00e9cup\u00e8re(nt) les donn\u00e9es saisies par l\u2019internaute sur les formulaires de contact.<\/p><p>\u200dLes donn\u00e9es personnelles pouvant \u00eatre collect\u00e9es sur le Site sont les suivantes :<\/p><ul role=\"list\"><li>Cookies : Les Cookies sont utilis\u00e9s, dans le cadre de l\u2019utilisation du Site, afin de collecter certaines informations (en particulier, votre adresse IP, des informations relatives \u00e0 l\u2019ordinateur utilis\u00e9 pour la navigation, le mode de connexion, le type et la version du navigateur internet, le syst\u00e8me d\u2019exploitation et d&rsquo;autres identifiants techniques ou encore l\u2019adresse URL des connexions, y compris la date et l&rsquo;heure, ainsi que le contenu acc\u00e9d\u00e9). Vous avez la possibilit\u00e9 de d\u00e9sactiver les Cookies \u00e0 partir des param\u00e8tres de votre navigateur.<\/li><\/ul><ul role=\"list\"><li>Formulaire de contact : Lors du remplissage du formulaire de contact, sont collect\u00e9s vos nom, pr\u00e9nom, adresse \u00e9lectronique et votre message.Les utilisations de vos donn\u00e9es personnelles sont principalement les suivantes :<\/li><\/ul><ul role=\"list\"><li>Gestion de la relation avec vous ;\u00a0<\/li><li>Fourniture de contenus et services personnalis\u00e9s, en fonction de votre historique de navigation, de vos pr\u00e9f\u00e9rences et centres d&rsquo;int\u00e9r\u00eats ; Lorsque certaines informations sont obligatoires pour acc\u00e9der \u00e0 des fonctionnalit\u00e9s sp\u00e9cifiques du Site, ce caract\u00e8re obligatoire est indiqu\u00e9 au moment de la saisie des donn\u00e9es. En cas de refus de votre part de fournir des informations obligatoires, vous pourriez ne pas avoir acc\u00e8s \u00e0 certains services, fonctionnalit\u00e9s ou rubriques du Site.<\/li><\/ul><p>Vos informations personnelles sont conserv\u00e9es pendant une dur\u00e9e qui ne saurait exc\u00e9der 36 mois, sauf si:<\/p><ul role=\"list\"><li>Vous exercez, dans les conditions pr\u00e9vues ci-apr\u00e8s, l\u2019un des droits qui vous sont reconnus par la l\u00e9gislation ;<\/li><\/ul><ul role=\"list\"><li>Une dur\u00e9e de conservation plus longue est autoris\u00e9e ou impos\u00e9e en vertu d\u2019une disposition l\u00e9gale ou r\u00e9glementaire ;<\/li><li>Ce bail peut-\u00eatre renouvel\u00e9 si vous donnez suite \u00e0 la relation commerciale.Pendant cette p\u00e9riode, le Site met en place les moyens organisationnels, logiciels, juridiques, techniques et physiques aptes \u00e0 assurer la confidentialit\u00e9 et la s\u00e9curit\u00e9 de vos donn\u00e9es personnelles, de mani\u00e8re \u00e0 emp\u00eacher leur endommagement, effacement ou acc\u00e8s par des tiers non autoris\u00e9s.<\/li><\/ul><p>\u200d<strong>Acc\u00e8s aux donn\u00e9es personnelles<\/strong><\/p><p>L&rsquo;acc\u00e8s \u00e0 vos donn\u00e9es personnelles est strictement limit\u00e9 au personnel et agents commerciaux de l&rsquo;Agence, habilit\u00e9s en raison de leurs fonctions et tenus \u00e0 une obligation de confidentialit\u00e9. Cependant, les donn\u00e9es collect\u00e9es pourront \u00e9ventuellement \u00eatre communiqu\u00e9es \u00e0 des sous-traitants charg\u00e9s contractuellement de l&rsquo;ex\u00e9cution des t\u00e2ches n\u00e9cessaires au bon fonctionnement du Site et de ses services ainsi qu\u2019\u00e0 la bonne gestion de la relation avec vous, sans que vous ayez besoin de donner votre autorisation. Il est pr\u00e9cis\u00e9 que, dans le cadre de l\u2019ex\u00e9cution de leurs prestations, les sous-traitants n\u2019ont qu\u2019un acc\u00e8s limit\u00e9 \u00e0 vos donn\u00e9es et ont une obligation contractuelle de les utiliser en conformit\u00e9 avec les dispositions de la l\u00e9gislation applicable en mati\u00e8re de protection des donn\u00e9es personnelles. En dehors des cas \u00e9nonc\u00e9s ci-dessus, l&rsquo;Agence s&rsquo;engage \u00e0 ne pas vendre, louer, c\u00e9der ou donner acc\u00e8s \u00e0 des tiers \u00e0 vos donn\u00e9es sans votre consentement pr\u00e9alable, \u00e0 moins d\u2019y \u00eatre contraints en raison d\u2019un motif l\u00e9gitime (obligation l\u00e9gale, lutte contre la fraude ou l\u2019abus, exercice des droits de la d\u00e9fense, etc.).Conform\u00e9ment aux dispositions l\u00e9gales et r\u00e9glementaires applicables, en particulier la loi n\u00b0 78-17 du 6 janvier 1978 modifi\u00e9e relative \u00e0 l&rsquo;informatique, aux fichiers et aux libert\u00e9s et du r\u00e8glement europ\u00e9en n\u00b02016\/679\/UE du 27 avril 2016 (applicable d\u00e8s le 25 mai 2018), vous disposez des droits suivants :<\/p><ul role=\"list\"><li>Exercer votre droit d\u2019acc\u00e8s, pour conna\u00eetre les donn\u00e9es personnelles qui vous concernent ;<\/li><li>Demander la mise \u00e0 jour de vos donn\u00e9es, si celles-ci sont inexactes ;<\/li><li>Demander la portabilit\u00e9 ou la suppression de vos donn\u00e9es ;<\/li><li>Demander la limitation du traitement de vos donn\u00e9es ;<\/li><li>Vous opposer, pour des motifs l\u00e9gitimes, au traitement de vos donn\u00e9es ;<\/li><li>Vous opposer ou retirer votre consentement \u00e0 l\u2019utilisation, par nos services, de vos coordonn\u00e9es pour l\u2019envoi de nos promotions et sollicitations via courriers \u00e9lectroniques, messages SMS, appels t\u00e9l\u00e9phoniques et courriers postaux. Ce droit demeure valable que les informations vous concernant nous aient \u00e9t\u00e9 transmises directement par vous ou par des partenaires tiers \u00e0 qui vous les avez communiqu\u00e9es (dans ce cas, il faudra cliquer sur les liens de d\u00e9sinscription pr\u00e9vus dans nos SMS ou courriels ou nous contacter dans les conditions ci-apr\u00e8s).Ces diff\u00e9rents droits sont \u00e0 exercer soit en modifiant les param\u00e8tres de votre compte, soit directement sur le Site \u00e0 la rubrique \u00ab Contact \u00bb, soit par courrier postal, soit par courriel \u00e0 l&rsquo;adresse pr\u00e9sente depuis le lien \u00ab Mentions l\u00e9gales \u00bb. Pour des raisons de s\u00e9curit\u00e9 et \u00e9viter toute demande frauduleuse, cette demande devra \u00eatre accompagn\u00e9e d&rsquo;un justificatif d&rsquo;identit\u00e9. Le justificatif sera d\u00e9truit une fois la demande trait\u00e9e.Pour toute information compl\u00e9mentaire ou r\u00e9clamation, vous pouvez contacter la Commission Nationale de l\u2019Informatique et des Libert\u00e9s (plus d\u2019informations sur www.cnil.fr).<\/li><\/ul><p>\u200d<strong>Utilisation des cookies<\/strong><\/p><p>Qu&rsquo;est ce qu&rsquo;un cookie ?Un cookie est un petit fichier texte que les sites web sauvegardent sur votre ordinateur ou appareil mobile lorsque vous les consultez. Il permet \u00e0 ces sites de m\u00e9moriser vos actions et pr\u00e9f\u00e9rences (nom d&rsquo;utilisateur, langue, taille des caract\u00e8res et autres param\u00e8tres d&rsquo;affichage) pendant un temps donn\u00e9, pour que vous n&rsquo;ayez pas \u00e0 r\u00e9indiquer ces informations \u00e0 chaque fois vous consultez ces sites ou naviguez d&rsquo;une page \u00e0 une autre.<\/p><p>\u200d<strong>Comment puis-je d\u00e9sactiver les cookies ?<\/strong><\/p><p>Vous pouvez contr\u00f4ler et\/ou supprimer des cookies comme vous le souhaitez. Pour en savoir plus, consultez aboutcookies.org. Vous avez la possibilit\u00e9 de supprimer tous les cookies d\u00e9j\u00e0 stock\u00e9s sur votre ordinateur et de configurer la plupart des navigateurs pour qu&rsquo;ils les bloquent. Toutefois, dans ce cas, vous devrez peut-\u00eatre indiquer vous-m\u00eames certaines pr\u00e9f\u00e9rences chaque fois que vous vous rendrez sur un site, et certains services et fonctionnalit\u00e9s risquent de ne pas \u00eatre accessibles.<\/p><p>\u200d<strong>Pourquoi utilise-t-on des cookies ?<\/strong><\/p><p>Nous utilisons des cookies pour notamment :<\/p><ul role=\"list\"><li>G\u00e9rer vos pr\u00e9f\u00e9rences lors de la navigation sur le site,<\/li><li>Am\u00e9liorer nos services et permettre une mesure de l&rsquo;audience<\/li><\/ul><p>\u200dD&rsquo;autres cookies peuvent \u00eatre ajout\u00e9s par des applications tierces tel que les boutons de partages des r\u00e9seaux sociaux.<\/p><p>\u200d<strong>Politique li\u00e9e au d\u00e9marchage t\u00e9l\u00e9phonique.<\/strong>\u00a0<\/p><p>Nous vous informons de votre droit d&rsquo;inscription \u00e0 la liste d&rsquo;opposition pour le d\u00e9marchage t\u00e9l\u00e9phonique et vous sugg\u00e9rons de vous inscrire sur Bloctel. Bloctel est la liste d&rsquo;opposition au d\u00e9marchage t\u00e9l\u00e9phonique sur laquelle tout consommateur peut s&rsquo;inscrire gratuitement afin de ne plus \u00eatre d\u00e9march\u00e9 t\u00e9l\u00e9phoniquement par un professionnel avec lequel il n&rsquo;a pas de relation contractuelle en cours, conform\u00e9ment \u00e0 la loi n\u00b02014-344 du 17 mars 2014 relative \u00e0 la consommation.La loi pr\u00e9cise qu&rsquo;il est interdit \u00e0 tout professionnel, directement ou par l&rsquo;interm\u00e9diaire d&rsquo;un tiers agissant pour son compte, de d\u00e9marcher t\u00e9l\u00e9phoniquement un consommateur inscrit sur cette liste, \u00e0 l&rsquo;exception des cas \u00e9num\u00e9r\u00e9s par la loi.<\/p><ul role=\"list\"><li>For more information: http:\/\/www.bloctel.gouv.fr\/* To register: https:\/\/conso.bloctel.fr\/<\/li><\/ul><\/div>\t\t\t\t\t\t<\/div>\n\t\t\t\t<\/div>\n\t\t\t\t\t<\/div>\n\t\t<\/div>\n\t\t\t\t\t\t\t<\/div>\n\t\t<\/section>\n\t\t\t\t\t\t\t<\/div>","protected":false},"excerpt":{"rendered":"<p>Mentions l\u00e9gales\u200d Honoraires \u200dVertueux pratique des honoraires sur les transactions d&rsquo;un montant de 5%TTC\u00a0Ce tarif est fixe quel que soit le montant de la transaction.\u00a0 Les honoraires sont calcul\u00e9s sur le prix net vendeur lorsqu\u2019ils sont \u00e0 la charge de l\u2019acqu\u00e9reur et calcul\u00e9s sur le prix public lorsqu\u2019ils sont \u00e0 la charge du vendeur. Mentions&#8230;<\/p>","protected":false},"author":7,"featured_media":0,"parent":0,"menu_order":0,"comment_status":"closed","ping_status":"closed","template":"templates\/full-width.php","meta":{"_joinchat":[],"footnotes":""},"class_list":["post-8689","page","type-page","status-publish","hentry"],"_links":{"self":[{"href":"https:\/\/vertueux.immo\/es\/wp-json\/wp\/v2\/pages\/8689","targetHints":{"allow":["GET"]}}],"collection":[{"href":"https:\/\/vertueux.immo\/es\/wp-json\/wp\/v2\/pages"}],"about":[{"href":"https:\/\/vertueux.immo\/es\/wp-json\/wp\/v2\/types\/page"}],"author":[{"embeddable":true,"href":"https:\/\/vertueux.immo\/es\/wp-json\/wp\/v2\/users\/7"}],"replies":[{"embeddable":true,"href":"https:\/\/vertueux.immo\/es\/wp-json\/wp\/v2\/comments?post=8689"}],"version-history":[{"count":31,"href":"https:\/\/vertueux.immo\/es\/wp-json\/wp\/v2\/pages\/8689\/revisions"}],"predecessor-version":[{"id":10576,"href":"https:\/\/vertueux.immo\/es\/wp-json\/wp\/v2\/pages\/8689\/revisions\/10576"}],"wp:attachment":[{"href":"https:\/\/vertueux.immo\/es\/wp-json\/wp\/v2\/media?parent=8689"}],"curies":[{"name":"wp","href":"https:\/\/api.w.org\/{rel}","templated":true}]}}